{"id":65,"date":"2025-10-28T14:47:54","date_gmt":"2025-10-28T14:47:54","guid":{"rendered":"https:\/\/iperez.santcugatesn.com\/?post_type=product&#038;p=65"},"modified":"2025-11-12T09:12:15","modified_gmt":"2025-11-12T09:12:15","slug":"adidas-venom-sprint-gama-baja","status":"publish","type":"product","link":"https:\/\/iperez.santcugatesn.com\/index.php\/product\/adidas-venom-sprint-gama-baja\/","title":{"rendered":"Adidas Venom Sprint Gama baja"},"content":{"rendered":"<article class=\"text-token-text-primary w-full focus:outline-none [--shadow-height:45px] has-data-writing-block:pointer-events-none has-data-writing-block:-mt-(--shadow-height) has-data-writing-block:pt-(--shadow-height) [&amp;:has([data-writing-block])&gt;*]:pointer-events-auto [content-visibility:auto] supports-[content-visibility:auto]:[contain-intrinsic-size:auto_100lvh] scroll-mt-[calc(var(--header-height)+min(200px,max(70px,20svh)))]\" dir=\"auto\" tabindex=\"-1\" data-turn-id=\"request-WEB:c74e75e4-c440-4753-bd73-37ad0902753a-1\" data-testid=\"conversation-turn-4\" data-scroll-anchor=\"true\" data-turn=\"assistant\">\n<div class=\"text-base my-auto mx-auto pb-10 [--thread-content-margin:--spacing(4)] thread-sm:[--thread-content-margin:--spacing(6)] thread-lg:[--thread-content-margin:--spacing(16)] px-(--thread-content-margin)\">\n<div class=\"[--thread-content-max-width:40rem] thread-lg:[--thread-content-max-width:48rem] mx-auto max-w-(--thread-content-max-width) flex-1 group\/turn-messages focus-visible:outline-hidden relative flex w-full min-w-0 flex-col agent-turn\" tabindex=\"-1\">\n<div class=\"flex max-w-full flex-col grow\">\n<div class=\"min-h-8 text-message relative flex w-full flex-col items-end gap-2 text-start break-words whitespace-normal [.text-message+&amp;]:mt-1\" dir=\"auto\" data-message-author-role=\"assistant\" data-message-id=\"26b36e1f-ea93-4b49-be8d-3d26487b1d5e\" data-message-model-slug=\"gpt-5\">\n<div class=\"flex w-full flex-col gap-1 empty:hidden first:pt-[1px]\">\n<div class=\"markdown prose dark:prose-invert w-full break-words dark markdown-new-styling\">\n<p data-start=\"0\" data-end=\"277\">Las <strong data-start=\"21\" data-end=\"49\" data-is-only-node=\"\">Adidas Venom Sprint Base<\/strong> ofrecen comodidad y estilo para jugadores que buscan iniciarse en el f\u00fatbol. Fabricadas con materiales resistentes y una suela vers\u00e1til, brindan un buen agarre en campos de c\u00e9sped natural o artificial sin sacrificar ligereza.<\/p>\n<p data-start=\"279\" data-end=\"557\">\n<\/div>\n<\/div>\n<\/div>\n<\/div>\n<div class=\"z-0 flex min-h-[46px] justify-start\"><\/div>\n<div class=\"mt-3 w-full empty:hidden\">\n<div class=\"text-center\"><\/div>\n<\/div>\n<\/div>\n<\/div>\n<\/article>\n<div class=\"pointer-events-none h-px w-px\" aria-hidden=\"true\" data-edge=\"true\"><\/div>\n","protected":false},"excerpt":{"rendered":"<p>Las Adidas Venom Sprint Base ofrecen comodidad y estilo para jugadores que buscan iniciarse en el f\u00fatbol. Fabricadas con materiales resistentes y una suela vers\u00e1til, brindan un buen agarre en campos de c\u00e9sped natural o artificial sin sacrificar ligereza.<\/p>\n","protected":false},"featured_media":66,"comment_status":"open","ping_status":"closed","template":"","meta":[],"product_brand":[57],"product_cat":[24,25],"product_tag":[],"class_list":{"0":"post-65","1":"product","2":"type-product","3":"status-publish","4":"has-post-thumbnail","6":"product_brand-adidas","7":"product_cat-adidas","8":"product_cat-gama-baja","10":"first","11":"instock","12":"sale","13":"shipping-taxable","14":"purchasable","15":"product-type-variable"},"yoast_head":"<!-- This site is optimized with the Yoast SEO plugin v26.2 - https:\/\/yoast.com\/wordpress\/plugins\/seo\/ -->\n<title>Adidas Venom Sprint Gama baja - F\u00daTBOL CORE<\/title>\n<meta name=\"robots\" content=\"index, follow, max-snippet:-1, max-image-preview:large, max-video-preview:-1\" \/>\n<link rel=\"canonical\" href=\"https:\/\/iperez.santcugatesn.com\/index.php\/product\/adidas-venom-sprint-gama-baja\/\" \/>\n<meta property=\"og:locale\" content=\"en_US\" \/>\n<meta property=\"og:type\" content=\"article\" \/>\n<meta property=\"og:title\" content=\"Adidas Venom Sprint Gama baja - F\u00daTBOL CORE\" \/>\n<meta property=\"og:description\" content=\"Las Adidas Venom Sprint Base ofrecen comodidad y estilo para jugadores que buscan iniciarse en el f\u00fatbol. Fabricadas con materiales resistentes y una suela vers\u00e1til, brindan un buen agarre en campos de c\u00e9sped natural o artificial sin sacrificar ligereza.\" \/>\n<meta property=\"og:url\" content=\"https:\/\/iperez.santcugatesn.com\/index.php\/product\/adidas-venom-sprint-gama-baja\/\" \/>\n<meta property=\"og:site_name\" content=\"F\u00daTBOL CORE\" \/>\n<meta property=\"article:modified_time\" content=\"2025-11-12T09:12:15+00:00\" \/>\n<meta property=\"og:image\" content=\"https:\/\/iperez.santcugatesn.com\/wp-content\/uploads\/2025\/10\/Gemini_Generated_Image_wc5kbwwc5kbwwc5k.png\" \/>\n\t<meta property=\"og:image:width\" content=\"1024\" \/>\n\t<meta property=\"og:image:height\" content=\"1024\" \/>\n\t<meta property=\"og:image:type\" content=\"image\/png\" \/>\n<meta name=\"twitter:card\" content=\"summary_large_image\" \/>\n<meta name=\"twitter:label1\" content=\"Est. reading time\" \/>\n\t<meta name=\"twitter:data1\" content=\"1 minute\" \/>\n<script type=\"application\/ld+json\" class=\"yoast-schema-graph\">{\"@context\":\"https:\/\/schema.org\",\"@graph\":[{\"@type\":\"WebPage\",\"@id\":\"https:\/\/iperez.santcugatesn.com\/index.php\/product\/adidas-venom-sprint-gama-baja\/\",\"url\":\"https:\/\/iperez.santcugatesn.com\/index.php\/product\/adidas-venom-sprint-gama-baja\/\",\"name\":\"Adidas Venom Sprint Gama baja - F\u00daTBOL CORE\",\"isPartOf\":{\"@id\":\"https:\/\/iperez.santcugatesn.com\/#website\"},\"primaryImageOfPage\":{\"@id\":\"https:\/\/iperez.santcugatesn.com\/index.php\/product\/adidas-venom-sprint-gama-baja\/#primaryimage\"},\"image\":{\"@id\":\"https:\/\/iperez.santcugatesn.com\/index.php\/product\/adidas-venom-sprint-gama-baja\/#primaryimage\"},\"thumbnailUrl\":\"https:\/\/iperez.santcugatesn.com\/wp-content\/uploads\/2025\/10\/Gemini_Generated_Image_wc5kbwwc5kbwwc5k.png\",\"datePublished\":\"2025-10-28T14:47:54+00:00\",\"dateModified\":\"2025-11-12T09:12:15+00:00\",\"breadcrumb\":{\"@id\":\"https:\/\/iperez.santcugatesn.com\/index.php\/product\/adidas-venom-sprint-gama-baja\/#breadcrumb\"},\"inLanguage\":\"en-US\",\"potentialAction\":[{\"@type\":\"ReadAction\",\"target\":[\"https:\/\/iperez.santcugatesn.com\/index.php\/product\/adidas-venom-sprint-gama-baja\/\"]}]},{\"@type\":\"ImageObject\",\"inLanguage\":\"en-US\",\"@id\":\"https:\/\/iperez.santcugatesn.com\/index.php\/product\/adidas-venom-sprint-gama-baja\/#primaryimage\",\"url\":\"https:\/\/iperez.santcugatesn.com\/wp-content\/uploads\/2025\/10\/Gemini_Generated_Image_wc5kbwwc5kbwwc5k.png\",\"contentUrl\":\"https:\/\/iperez.santcugatesn.com\/wp-content\/uploads\/2025\/10\/Gemini_Generated_Image_wc5kbwwc5kbwwc5k.png\",\"width\":1024,\"height\":1024},{\"@type\":\"BreadcrumbList\",\"@id\":\"https:\/\/iperez.santcugatesn.com\/index.php\/product\/adidas-venom-sprint-gama-baja\/#breadcrumb\",\"itemListElement\":[{\"@type\":\"ListItem\",\"position\":1,\"name\":\"Home\",\"item\":\"https:\/\/iperez.santcugatesn.com\/\"},{\"@type\":\"ListItem\",\"position\":2,\"name\":\"Shop\",\"item\":\"https:\/\/iperez.santcugatesn.com\/index.php\/shop\/\"},{\"@type\":\"ListItem\",\"position\":3,\"name\":\"Adidas Venom Sprint Gama baja\"}]},{\"@type\":\"WebSite\",\"@id\":\"https:\/\/iperez.santcugatesn.com\/#website\",\"url\":\"https:\/\/iperez.santcugatesn.com\/\",\"name\":\"F\u00daTBOL CORE\",\"description\":\"\",\"publisher\":{\"@id\":\"https:\/\/iperez.santcugatesn.com\/#organization\"},\"potentialAction\":[{\"@type\":\"SearchAction\",\"target\":{\"@type\":\"EntryPoint\",\"urlTemplate\":\"https:\/\/iperez.santcugatesn.com\/?s={search_term_string}\"},\"query-input\":{\"@type\":\"PropertyValueSpecification\",\"valueRequired\":true,\"valueName\":\"search_term_string\"}}],\"inLanguage\":\"en-US\"},{\"@type\":\"Organization\",\"@id\":\"https:\/\/iperez.santcugatesn.com\/#organization\",\"name\":\"F\u00daTBOL CORE\",\"url\":\"https:\/\/iperez.santcugatesn.com\/\",\"logo\":{\"@type\":\"ImageObject\",\"inLanguage\":\"en-US\",\"@id\":\"https:\/\/iperez.santcugatesn.com\/#\/schema\/logo\/image\/\",\"url\":\"https:\/\/iperez.santcugatesn.com\/wp-content\/uploads\/2025\/10\/cropped-cropped-Logo-250-x-100_.png\",\"contentUrl\":\"https:\/\/iperez.santcugatesn.com\/wp-content\/uploads\/2025\/10\/cropped-cropped-Logo-250-x-100_.png\",\"width\":248,\"height\":83,\"caption\":\"F\u00daTBOL CORE\"},\"image\":{\"@id\":\"https:\/\/iperez.santcugatesn.com\/#\/schema\/logo\/image\/\"}}]}<\/script>\n<!-- \/ Yoast SEO plugin. -->","yoast_head_json":{"title":"Adidas Venom Sprint Gama baja - F\u00daTBOL CORE","robots":{"index":"index","follow":"follow","max-snippet":"max-snippet:-1","max-image-preview":"max-image-preview:large","max-video-preview":"max-video-preview:-1"},"canonical":"https:\/\/iperez.santcugatesn.com\/index.php\/product\/adidas-venom-sprint-gama-baja\/","og_locale":"en_US","og_type":"article","og_title":"Adidas Venom Sprint Gama baja - F\u00daTBOL CORE","og_description":"Las Adidas Venom Sprint Base ofrecen comodidad y estilo para jugadores que buscan iniciarse en el f\u00fatbol. Fabricadas con materiales resistentes y una suela vers\u00e1til, brindan un buen agarre en campos de c\u00e9sped natural o artificial sin sacrificar ligereza.","og_url":"https:\/\/iperez.santcugatesn.com\/index.php\/product\/adidas-venom-sprint-gama-baja\/","og_site_name":"F\u00daTBOL CORE","article_modified_time":"2025-11-12T09:12:15+00:00","og_image":[{"width":1024,"height":1024,"url":"https:\/\/iperez.santcugatesn.com\/wp-content\/uploads\/2025\/10\/Gemini_Generated_Image_wc5kbwwc5kbwwc5k.png","type":"image\/png"}],"twitter_card":"summary_large_image","twitter_misc":{"Est. reading time":"1 minute"},"schema":{"@context":"https:\/\/schema.org","@graph":[{"@type":"WebPage","@id":"https:\/\/iperez.santcugatesn.com\/index.php\/product\/adidas-venom-sprint-gama-baja\/","url":"https:\/\/iperez.santcugatesn.com\/index.php\/product\/adidas-venom-sprint-gama-baja\/","name":"Adidas Venom Sprint Gama baja - F\u00daTBOL CORE","isPartOf":{"@id":"https:\/\/iperez.santcugatesn.com\/#website"},"primaryImageOfPage":{"@id":"https:\/\/iperez.santcugatesn.com\/index.php\/product\/adidas-venom-sprint-gama-baja\/#primaryimage"},"image":{"@id":"https:\/\/iperez.santcugatesn.com\/index.php\/product\/adidas-venom-sprint-gama-baja\/#primaryimage"},"thumbnailUrl":"https:\/\/iperez.santcugatesn.com\/wp-content\/uploads\/2025\/10\/Gemini_Generated_Image_wc5kbwwc5kbwwc5k.png","datePublished":"2025-10-28T14:47:54+00:00","dateModified":"2025-11-12T09:12:15+00:00","breadcrumb":{"@id":"https:\/\/iperez.santcugatesn.com\/index.php\/product\/adidas-venom-sprint-gama-baja\/#breadcrumb"},"inLanguage":"en-US","potentialAction":[{"@type":"ReadAction","target":["https:\/\/iperez.santcugatesn.com\/index.php\/product\/adidas-venom-sprint-gama-baja\/"]}]},{"@type":"ImageObject","inLanguage":"en-US","@id":"https:\/\/iperez.santcugatesn.com\/index.php\/product\/adidas-venom-sprint-gama-baja\/#primaryimage","url":"https:\/\/iperez.santcugatesn.com\/wp-content\/uploads\/2025\/10\/Gemini_Generated_Image_wc5kbwwc5kbwwc5k.png","contentUrl":"https:\/\/iperez.santcugatesn.com\/wp-content\/uploads\/2025\/10\/Gemini_Generated_Image_wc5kbwwc5kbwwc5k.png","width":1024,"height":1024},{"@type":"BreadcrumbList","@id":"https:\/\/iperez.santcugatesn.com\/index.php\/product\/adidas-venom-sprint-gama-baja\/#breadcrumb","itemListElement":[{"@type":"ListItem","position":1,"name":"Home","item":"https:\/\/iperez.santcugatesn.com\/"},{"@type":"ListItem","position":2,"name":"Shop","item":"https:\/\/iperez.santcugatesn.com\/index.php\/shop\/"},{"@type":"ListItem","position":3,"name":"Adidas Venom Sprint Gama baja"}]},{"@type":"WebSite","@id":"https:\/\/iperez.santcugatesn.com\/#website","url":"https:\/\/iperez.santcugatesn.com\/","name":"F\u00daTBOL CORE","description":"","publisher":{"@id":"https:\/\/iperez.santcugatesn.com\/#organization"},"potentialAction":[{"@type":"SearchAction","target":{"@type":"EntryPoint","urlTemplate":"https:\/\/iperez.santcugatesn.com\/?s={search_term_string}"},"query-input":{"@type":"PropertyValueSpecification","valueRequired":true,"valueName":"search_term_string"}}],"inLanguage":"en-US"},{"@type":"Organization","@id":"https:\/\/iperez.santcugatesn.com\/#organization","name":"F\u00daTBOL CORE","url":"https:\/\/iperez.santcugatesn.com\/","logo":{"@type":"ImageObject","inLanguage":"en-US","@id":"https:\/\/iperez.santcugatesn.com\/#\/schema\/logo\/image\/","url":"https:\/\/iperez.santcugatesn.com\/wp-content\/uploads\/2025\/10\/cropped-cropped-Logo-250-x-100_.png","contentUrl":"https:\/\/iperez.santcugatesn.com\/wp-content\/uploads\/2025\/10\/cropped-cropped-Logo-250-x-100_.png","width":248,"height":83,"caption":"F\u00daTBOL CORE"},"image":{"@id":"https:\/\/iperez.santcugatesn.com\/#\/schema\/logo\/image\/"}}]}},"_links":{"self":[{"href":"https:\/\/iperez.santcugatesn.com\/index.php\/wp-json\/wp\/v2\/product\/65","targetHints":{"allow":["GET"]}}],"collection":[{"href":"https:\/\/iperez.santcugatesn.com\/index.php\/wp-json\/wp\/v2\/product"}],"about":[{"href":"https:\/\/iperez.santcugatesn.com\/index.php\/wp-json\/wp\/v2\/types\/product"}],"replies":[{"embeddable":true,"href":"https:\/\/iperez.santcugatesn.com\/index.php\/wp-json\/wp\/v2\/comments?post=65"}],"wp:featuredmedia":[{"embeddable":true,"href":"https:\/\/iperez.santcugatesn.com\/index.php\/wp-json\/wp\/v2\/media\/66"}],"wp:attachment":[{"href":"https:\/\/iperez.santcugatesn.com\/index.php\/wp-json\/wp\/v2\/media?parent=65"}],"wp:term":[{"taxonomy":"product_brand","embeddable":true,"href":"https:\/\/iperez.santcugatesn.com\/index.php\/wp-json\/wp\/v2\/product_brand?post=65"},{"taxonomy":"product_cat","embeddable":true,"href":"https:\/\/iperez.santcugatesn.com\/index.php\/wp-json\/wp\/v2\/product_cat?post=65"},{"taxonomy":"product_tag","embeddable":true,"href":"https:\/\/iperez.santcugatesn.com\/index.php\/wp-json\/wp\/v2\/product_tag?post=65"}],"curies":[{"name":"wp","href":"https:\/\/api.w.org\/{rel}","templated":true}]}}